{"id":3550,"date":"2022-07-31T14:40:05","date_gmt":"2022-07-31T14:40:05","guid":{"rendered":"https:\/\/francaismontenegro.com\/boutique\/uncategorized\/administrative-assistance-for-personal-income-tax\/"},"modified":"2025-09-12T12:44:46","modified_gmt":"2025-09-12T12:44:46","slug":"administrative-assistance-for-personal-income-tax","status":"publish","type":"product","link":"https:\/\/francaismontenegro.com\/en\/boutique\/accompagnement\/administrative-assistance-for-personal-income-tax\/","title":{"rendered":"Administrative &amp; Tax Assistance in Montenegro"},"content":{"rendered":"<div class=\"elementor-element elementor-element-f01c739 elementor-widget elementor-widget-woocommerce-product-content\" data-id=\"f01c739\" data-element_type=\"widget\" data-widget_type=\"woocommerce-product-content.default\">\n<div class=\"elementor-widget-container\">\n<p>Vous souhaitez d\u00e9clarer vos revenus de personnes physiques en r\u00e8gle au Mont\u00e9n\u00e9gro ?<\/p>\n<p>Ce service d&#8217;assistance concerne<strong> vos rentes locatives, vos plus-values immobili\u00e8res, dividendes et autres revenus qui concernent la personne physique.<\/strong> Notre service d&#8217;assistance propose de remplir avec vos informations les donn\u00e9es n\u00e9cessaires \u00e0 la d\u00e9claration annuelle de ces revenus afin que vous puissiez vous acquitter de vos imp\u00f4ts en toute tranquillit\u00e9.<\/p>\n<p>We review with you to know the amounts to declare for each type of income in order to declare the whole of the revenues which are taxed by the society. Cet accompagnement comprend la cr\u00e9ation d&#8217;un identifiant fiscal mont\u00e9n\u00e9grin.<\/p>\n<p>Ainsi vous \u00eates certain d&#8217;avoir d\u00e9clar\u00e9 tous vos revenus imposables au Mont\u00e9n\u00e9gro.<\/p>\n<p>Taxes in Montenegro are not just something simple, still a lot of paper to fill out and time to spend in the administration&#8217;s offices. A pleasant step to take for French people who do not master the local language without assistance.<\/p>\n<p><strong>Thanks to this personalized assistance, you will be able to declare your income in Montenegro serenely.<\/strong><\/p>\n<p>The assistance begins with the constitution of your dossier and the verification that all the payments or different taxes have been made.<\/p>\n<p>We adapt to the number of people who can be impacted, whether single, in a couple, entrepreneur alone, family, etc&#8230;<\/p>\n<p>Here is what awaits you<\/p>\n<ul>\n<li><strong>Constitution of your file<br \/>\n<\/strong><\/li>\n<li><strong>Review of all income to be declared<br \/>\n<\/strong><\/li>\n<li><strong>Filling out the forms for each income<\/strong><\/li>\n<li><strong>Submission of the file to the tax administration<br \/>\n<\/strong><\/li>\n<li><strong>Payment of taxes (by bank transfer or at the counter)<br \/>\n<\/strong><\/li>\n<li><strong>Receipt of payment proofs<\/strong><\/li>\n<\/ul>\n<p>The reduced rate for assistance in French is 300 euros.<\/p>\n<\/div>\n<\/div>\n","protected":false},"excerpt":{"rendered":"<h2 class=\"text-cms\">CONTENT<\/h2>\n<p>\ud83d\udcdc Constitution of your file for income declaration<\/p>\n<p>\ud83c\uddeb\ud83c\uddf7\ud83c\uddf2\ud83c\uddea Multi-language assistance<\/p>\n<p>\ud83d\udc65 Support at the administration<\/p>\n<p>\ud83d\udcbc Payment of your personal income tax<\/p>\n<h2 class=\"text-cms\">RESULTS<\/h2>\n<p class=\"text-cms\">\u2705 Receipt of your payment proofs<\/p>\n<p>\u2705 Peace of mind &amp; serenity<\/p>\n<p>\u2705 Montenegrin resident in good standing with the tax administration<\/p>\n","protected":false},"featured_media":2606,"comment_status":"open","ping_status":"closed","template":"","meta":{"_acf_changed":false,"_ppp_document_settings_meta":"","site-sidebar-layout":"default","site-content-layout":"default","ast-global-header-display":"","ast-main-header-display":"","ast-hfb-above-header-display":"","ast-hfb-below-header-display":"","ast-hfb-mobile-header-display":"","site-post-title":"","ast-breadcrumbs-content":"","ast-featured-img":"","footer-sml-layout":"","theme-transparent-header-meta":"default","adv-header-id-meta":"","stick-header-meta":"","header-above-stick-meta":"","header-main-stick-meta":"","header-below-stick-meta":""},"product_brand":[],"product_cat":[58,50,51],"product_tag":[],"class_list":{"0":"post-3550","1":"product","2":"type-product","3":"status-publish","4":"has-post-thumbnail","6":"product_cat-accompagnement","7":"product_cat-consulting-accompagnement","8":"product_cat-services","9":"desktop-align-left","10":"tablet-align-left","11":"mobile-align-left","13":"first","14":"instock","15":"shipping-taxable","16":"product-type-simple"},"acf":[],"_links":{"self":[{"href":"https:\/\/francaismontenegro.com\/en\/wp-json\/wp\/v2\/product\/3550","targetHints":{"allow":["GET"]}}],"collection":[{"href":"https:\/\/francaismontenegro.com\/en\/wp-json\/wp\/v2\/product"}],"about":[{"href":"https:\/\/francaismontenegro.com\/en\/wp-json\/wp\/v2\/types\/product"}],"replies":[{"embeddable":true,"href":"https:\/\/francaismontenegro.com\/en\/wp-json\/wp\/v2\/comments?post=3550"}],"wp:featuredmedia":[{"embeddable":true,"href":"https:\/\/francaismontenegro.com\/en\/wp-json\/wp\/v2\/media\/2606"}],"wp:attachment":[{"href":"https:\/\/francaismontenegro.com\/en\/wp-json\/wp\/v2\/media?parent=3550"}],"wp:term":[{"taxonomy":"product_brand","embeddable":true,"href":"https:\/\/francaismontenegro.com\/en\/wp-json\/wp\/v2\/product_brand?post=3550"},{"taxonomy":"product_cat","embeddable":true,"href":"https:\/\/francaismontenegro.com\/en\/wp-json\/wp\/v2\/product_cat?post=3550"},{"taxonomy":"product_tag","embeddable":true,"href":"https:\/\/francaismontenegro.com\/en\/wp-json\/wp\/v2\/product_tag?post=3550"}],"curies":[{"name":"wp","href":"https:\/\/api.w.org\/{rel}","templated":true}]}}