{"id":3558,"date":"2021-07-16T09:07:36","date_gmt":"2021-07-16T09:07:36","guid":{"rendered":"https:\/\/francaismontenegro.com\/boutique\/uncategorized\/serbian-montenegrin-course-1-free-hour\/"},"modified":"2021-07-16T09:07:36","modified_gmt":"2021-07-16T09:07:36","slug":"serbian-montenegrin-course-1-free-hour","status":"publish","type":"product","link":"https:\/\/francaismontenegro.com\/en\/boutique\/expatriation\/serbian-montenegrin-course-1-free-hour\/","title":{"rendered":"SERBIAN &#8211; MONTENEGRIN COURSE (1 free hour)"},"content":{"rendered":"<p>The mastery of several languages is among the indispensable tools in the expatriate&#8217;s toolkit.<\/p>\n<p>Speaking a foreign language is synonymous with opportunities that most monolingual people don&#8217;t have access to. Whether it is to conquer new markets, settle in a new country, access particular services, or travel under good conditions, the English language is indispensable.<\/p>\n<p>Si vous souhaitez vous int\u00e9grer pleinement au Mont\u00e9n\u00e9gro, apprendre la langue serbo-mont\u00e9n\u00e9grine vous permettra \u00e9galement de vous cr\u00e9er un r\u00e9seau social encore plus fort avec les habitants.<\/p>\n<p>Moreover, this language is identical to the Serbian language, spoken throughout the<br \/>\nterritory of the former Yugoslavia.<\/p>\n<p>A graduate of the Faculty of Philology in Belgrade, our teacher Jelena Bojovi\u0107 takes care of you regardless of your level, whether it&#8217;s in English or in Serbian.<\/p>\n<p>Based in Nantes, Jelena welcomes you in videoconferencing via Skype to conduct the classes.<\/p>\n<p>The course fee is 15\u20ac\/hour, and by ordering one hour on our site, we offer one free hour for your first session.<\/p>\n","protected":false},"excerpt":{"rendered":"<div id=\"product-description-short-7\">\n<h2 class=\"text-cms\">CONTENT<\/h2>\n<p class=\"text-cms\">\u23f1 2 hours<\/p>\n<p>\ud83d\udd0e Assessment of your level<\/p>\n<p>\ud83d\udd16 Practical work on texts\/documents<\/p>\n<h2 class=\"text-cms\">RESULTS<\/h2>\n<p class=\"text-cms\">\u2705 Prepared for expatriation<\/p>\n<p>\u2705 More autonomy in your procedures abroad<\/p>\n<p>\u2705 Effective progression to becoming bilingual\/trilingual*<\/p>\n<p>*This result is attainable depending on your willingness to work autonomously and with our teacher.<\/p>\n<p>The number of courses needed varies based on the individual needs of the client.<\/p>\n<\/div>\n<div class=\"product-actions\">\n<form id=\"add-to-cart-or-refresh\" action=\"https:\/\/francaismontenegro.com\/panier\" method=\"post\">\n<div class=\"product-additional-info\"><\/div>\n<\/form>\n<\/div>\n","protected":false},"featured_media":2514,"comment_status":"closed","ping_status":"closed","template":"","meta":{"_acf_changed":false,"_ppp_document_settings_meta":"","site-sidebar-layout":"default","site-content-layout":"default","ast-global-header-display":"","ast-main-header-display":"","ast-hfb-above-header-display":"","ast-hfb-below-header-display":"","ast-hfb-mobile-header-display":"","site-post-title":"","ast-breadcrumbs-content":"","ast-featured-img":"","footer-sml-layout":"","theme-transparent-header-meta":"default","adv-header-id-meta":"","stick-header-meta":"","header-above-stick-meta":"","header-main-stick-meta":"","header-below-stick-meta":""},"product_brand":[],"product_cat":[49],"product_tag":[],"class_list":{"0":"post-3558","1":"product","2":"type-product","3":"status-publish","4":"has-post-thumbnail","6":"product_cat-expatriation","7":"desktop-align-left","8":"tablet-align-left","9":"mobile-align-left","11":"first","12":"instock","13":"shipping-taxable","14":"product-type-variable"},"acf":[],"_links":{"self":[{"href":"https:\/\/francaismontenegro.com\/en\/wp-json\/wp\/v2\/product\/3558","targetHints":{"allow":["GET"]}}],"collection":[{"href":"https:\/\/francaismontenegro.com\/en\/wp-json\/wp\/v2\/product"}],"about":[{"href":"https:\/\/francaismontenegro.com\/en\/wp-json\/wp\/v2\/types\/product"}],"replies":[{"embeddable":true,"href":"https:\/\/francaismontenegro.com\/en\/wp-json\/wp\/v2\/comments?post=3558"}],"wp:featuredmedia":[{"embeddable":true,"href":"https:\/\/francaismontenegro.com\/en\/wp-json\/wp\/v2\/media\/2514"}],"wp:attachment":[{"href":"https:\/\/francaismontenegro.com\/en\/wp-json\/wp\/v2\/media?parent=3558"}],"wp:term":[{"taxonomy":"product_brand","embeddable":true,"href":"https:\/\/francaismontenegro.com\/en\/wp-json\/wp\/v2\/product_brand?post=3558"},{"taxonomy":"product_cat","embeddable":true,"href":"https:\/\/francaismontenegro.com\/en\/wp-json\/wp\/v2\/product_cat?post=3558"},{"taxonomy":"product_tag","embeddable":true,"href":"https:\/\/francaismontenegro.com\/en\/wp-json\/wp\/v2\/product_tag?post=3558"}],"curies":[{"name":"wp","href":"https:\/\/api.w.org\/{rel}","templated":true}]}}