{"id":3569,"date":"2021-07-16T09:07:28","date_gmt":"2021-07-16T09:07:28","guid":{"rendered":"https:\/\/francaismontenegro.com\/boutique\/uncategorized\/montenegro-expatriation-pack\/"},"modified":"2021-07-16T09:07:28","modified_gmt":"2021-07-16T09:07:28","slug":"montenegro-expatriation-pack","status":"publish","type":"product","link":"https:\/\/francaismontenegro.com\/en\/boutique\/accompagnement\/montenegro-expatriation-pack\/","title":{"rendered":"MONTENEGRO EXPATRIATION PACK"},"content":{"rendered":"<p>Do you wish to settle in Montenegro? This expatriation pack is made for you.<\/p>\n<p>A French investor and entrepreneur expatriated to Montenegro, Nikola, the founder of the Youtube channel Fran\u00e7ais Mont\u00e9n\u00e9gro, has completed many procedures and has been in contact with locals, expatriates, businesses, and institutions on a daily basis. Through these, Nikola and his friends have evaluated their quality of service.<\/p>\n<p>Thanks to his knowledge, network, and professionalism, the expatriation pack offered by Nikola meets the needs of a future French expatriate in Montenegro.<\/p>\n<p>In this expatriation pack, you have 7 steps to choose from, which are:<\/p>\n<ul>\n<li><strong><span class=\"text-size-5\">READING THE REFERENCE BOOK ON MONTENEGRO (Price 34\u20ac)<br \/>\n<\/span><\/strong><\/li>\n<li><strong><span class=\"text-size-5\">CHOOSING A TOWN<\/span>: &#8220;WHERE TO LIVE OR INVEST?&#8221; (<span class=\"text-size-5\">Price 119\u20ac<\/span>)<span class=\"text-size-5\"> <\/span><\/strong><\/li>\n<li><strong><span class=\"text-size-5\">PERSONALIZED INTERVIEW WITH NIKOLA (Price 210 or 347\u20ac)<br \/>\n<\/span><\/strong><\/li>\n<li><strong><span class=\"text-size-5\"><span class=\"text-size-5\">SUPPORT FOR OPENING A COMPANY + RESIDENCE CARD<\/span><\/span> (<span class=\"text-size-5\">Price 1890\u20ac*<\/span>)<span class=\"text-size-5\"><br \/>\n<\/span><\/strong><\/li>\n<li><strong><span class=\"text-size-5\">SUPPORT FOR FINDING YOUR ACCOMMODATION (Price 390\u20ac*)<br \/>\n<\/span><\/strong><\/li>\n<li><strong><span class=\"text-size-5\">NIKOLA COMES TO PICK YOU UP AT THE AIRPORT VARIABLE DEPENDING ON DESTINATION<br \/>\n<\/span><\/strong><\/li>\n<li><strong><span class=\"text-size-5\">Tivat = 60\u20ac \/ Podgorica = 130\u20ac \/ Dubrovnik = 185\u20ac<br \/>\n<\/span><\/strong><\/li>\n<li><strong>SHARING HIS NETWORK WITH <span class=\"text-size-5\">&#8220;PASSPORT MONT\u00c9N\u00c9GRO&#8221; (Price 219\u20ac)<\/span><span class=\"text-size-5\"><br \/>\n<\/span><\/strong><\/li>\n<\/ul>\n<p>The reservation fees for the Montenegro expatriation pack are billed at 47 euros*. This sum is on an account that will be deducted from the total depending on what you decide to take (either the complete pack or just some steps).<\/p>\n<p>*Example if you take the complete pack with an arrival in Dubrovnik for 3184\u20ac, once the reservation fees billed (47 euros), you will only have to pay 3137\u20ac afterwards.<\/p>\n<p>After the reservation of the expatriation pack, payments are made step by step as you progress in your expatriation project, which can take several weeks or several months depending on your pace. This personalized support is adapted to your profile and objectives in terms of deadlines.<\/p>\n<p>Do you have additional questions regarding the Montenegro expatriation pack? You can send them to us by email via dijana@francaismontenegro.com<\/p>\n","protected":false},"excerpt":{"rendered":"<h2 class=\"text-cms\">CONTENT<\/h2>\n<p>\ud83d\udd14 Personalized support<\/p>\n<p>\ud83d\udd34 Becoming a resident, opening a company<\/p>\n<p>\ud83d\udd11 Access to a network of expatriates<\/p>\n<p>\u2708\ufe0f Pickup at the airport, housing search<\/p>\n<h2 class=\"text-cms\">RESULTS<\/h2>\n<p class=\"text-cms\">\u2705 You will be able to meet quality people<\/p>\n<p>\u2705 You save time in your settlement<\/p>\n<p>\u2705 You gain access to a trusted network<\/p>\n<p>\u2705 Faster integration<\/p>\n","protected":false},"featured_media":2576,"comment_status":"closed","ping_status":"closed","template":"","meta":{"_acf_changed":false,"_ppp_document_settings_meta":"","site-sidebar-layout":"default","site-content-layout":"default","ast-global-header-display":"","ast-main-header-display":"","ast-hfb-above-header-display":"","ast-hfb-below-header-display":"","ast-hfb-mobile-header-display":"","site-post-title":"","ast-breadcrumbs-content":"","ast-featured-img":"","footer-sml-layout":"","theme-transparent-header-meta":"default","adv-header-id-meta":"","stick-header-meta":"","header-above-stick-meta":"","header-main-stick-meta":"","header-below-stick-meta":""},"product_brand":[],"product_cat":[58,49,51],"product_tag":[],"class_list":{"0":"post-3569","1":"product","2":"type-product","3":"status-publish","4":"has-post-thumbnail","6":"product_cat-accompagnement","7":"product_cat-expatriation","8":"product_cat-services","9":"desktop-align-left","10":"tablet-align-left","11":"mobile-align-left","13":"first","14":"instock","15":"shipping-taxable","16":"product-type-simple"},"acf":[],"_links":{"self":[{"href":"https:\/\/francaismontenegro.com\/en\/wp-json\/wp\/v2\/product\/3569","targetHints":{"allow":["GET"]}}],"collection":[{"href":"https:\/\/francaismontenegro.com\/en\/wp-json\/wp\/v2\/product"}],"about":[{"href":"https:\/\/francaismontenegro.com\/en\/wp-json\/wp\/v2\/types\/product"}],"replies":[{"embeddable":true,"href":"https:\/\/francaismontenegro.com\/en\/wp-json\/wp\/v2\/comments?post=3569"}],"wp:featuredmedia":[{"embeddable":true,"href":"https:\/\/francaismontenegro.com\/en\/wp-json\/wp\/v2\/media\/2576"}],"wp:attachment":[{"href":"https:\/\/francaismontenegro.com\/en\/wp-json\/wp\/v2\/media?parent=3569"}],"wp:term":[{"taxonomy":"product_brand","embeddable":true,"href":"https:\/\/francaismontenegro.com\/en\/wp-json\/wp\/v2\/product_brand?post=3569"},{"taxonomy":"product_cat","embeddable":true,"href":"https:\/\/francaismontenegro.com\/en\/wp-json\/wp\/v2\/product_cat?post=3569"},{"taxonomy":"product_tag","embeddable":true,"href":"https:\/\/francaismontenegro.com\/en\/wp-json\/wp\/v2\/product_tag?post=3569"}],"curies":[{"name":"wp","href":"https:\/\/api.w.org\/{rel}","templated":true}]}}