{"id":3933,"date":"2024-12-25T22:25:32","date_gmt":"2024-12-25T22:25:32","guid":{"rendered":"https:\/\/francaismontenegro.com\/boutique\/uncategorized\/importer-une-voiture-au-montenegro-accompagnement\/"},"modified":"2024-12-25T22:26:42","modified_gmt":"2024-12-25T22:26:42","slug":"importer-une-voiture-au-montenegro-accompagnement","status":"publish","type":"product","link":"https:\/\/francaismontenegro.com\/en\/boutique\/accompagnement\/importer-une-voiture-au-montenegro-accompagnement\/","title":{"rendered":"Importer une voiture au Mont\u00e9n\u00e9gro (accompagnement)"},"content":{"rendered":"<p>Vous souhaitez importer une voiture au Mont\u00e9n\u00e9gro ? Cet accompagnement est fait pour vous.<\/p>\n<p>Investisseur et entrepreneur fran\u00e7ais expatri\u00e9 au Mont\u00e9n\u00e9gro, Nikola le fondateur de la cha\u00eene Youtube Fran\u00e7ais Mont\u00e9n\u00e9gro a r\u00e9alis\u00e9 beaucoup de d\u00e9marches et c\u00f4toie des locaux, des expatri\u00e9s, des entreprises et des institutions au quotidien.<\/p>\n<p>Gr\u00e2ce \u00e0 ses connaissances, son r\u00e9seau et son professionnalisme, vous pouvez b\u00e9n\u00e9ficier d&#8217;un accompagnement sur mesure pour importer votre voiture au Mont\u00e9n\u00e9gro. Que ce soit pour vous en nom propre ou bien pour votre soci\u00e9t\u00e9 afin de passer le v\u00e9hicule en amortissement, Nikola a d\u00e9j\u00e0 r\u00e9alis\u00e9 ces proc\u00e9dures pour lui-m\u00eame et ses clients francais et europ\u00e9ens.<\/p>\n<p>Dans ce proc\u00e9d\u00e9, l&#8217;\u00e9quipe de Nikola vous accompagne sur le terrain pour les \u00e9tapes suivantes :<\/p>\n<ul>\n<li><strong><span class=\"text-size-5\">PROC\u00c9DURE DE D\u00c9DOUANEMENT<br \/>\n<\/span><\/strong><\/li>\n<li><strong><span class=\"text-size-5\">HOMOLOGATION DU V\u00c9HICULE<\/span><span class=\"text-size-5\">\u00a0<\/span><\/strong><\/li>\n<li><strong><span class=\"text-size-5\">PASSAGE AU CONTR\u00d4LE TECHNIQUE<\/span><\/strong><\/li>\n<li><strong><span class=\"text-size-5\"><span class=\"text-size-5\">ASSURANCE DU V\u00c9HICULE<\/span><\/span><span class=\"text-size-5\"><br \/>\n<\/span><\/strong><\/li>\n<li><strong><span class=\"text-size-5\">TRADUCTION DES DOCUMENTS N\u00c9CESSAIRES (par un traducteur asserment\u00e9)<\/span><\/strong><\/li>\n<li><strong><span class=\"text-size-5\">ENREGISTREMENT DU V\u00c9HICULE DANS LE REGISTRE NATIONAL<\/span><\/strong><\/li>\n<li><strong><span class=\"text-size-5\">R\u00c9CEPTION DE LA PLAQUE D&#8217;IMMATRICULATION<\/span><\/strong><\/li>\n<li><strong><span class=\"text-size-5\">INSTALLATION DE LA PLAQUE D&#8217;IMMATRICULATION<\/span><\/strong><\/li>\n<\/ul>\n<p>Les frais de l&#8217;accompagnement sont de 650\u20ac et n&#8217;incluent pas les frais qui concernent votre v\u00e9hicule et le processus d&#8217;importation d\u00e9taill\u00e9s dans les \u00e9tapes ci-dessus. Il faut garder \u00e0 l&#8217;id\u00e9e que l&#8217;importation du v\u00e9hicule va co\u00fbter environ 27% de sa valeur indicative sur la liste des douanes.<\/p>\n<p>Par ailleurs, les documents \u00e0 traduire sont la carte grise du v\u00e9hicule mais \u00e9galement le contrat de vente si effectu\u00e9 \u00e0 l&#8217;\u00e9tranger et enfin des documents \u00e9mis par un transitaire du pays de provenance de la voiture. Toutes ses traductions sont \u00e0 votre charge entre 10 \u00e0 20\u20ac par page en fonction du traducteur. Les frais li\u00e9s au transitaire du Mont\u00e9n\u00e9gro sont \u00e0 votre charge (environ 120\u20ac \u00e0 200\u20ac).<\/p>\n<p>Si vous souhaitez que l&#8217;on recherche un v\u00e9hicule pour vous en France, que l&#8217;on vous accompagne dans le processus de n\u00e9gociation, d&#8217;achat et pour l&#8217;acheminement du v\u00e9hicule jusqu&#8217;au Mont\u00e9n\u00e9gro, alors on vous proposera une offre sur mesure.<\/p>\n<p>Vous avez des questions suppl\u00e9mentaires ? Vous pouvez nous les envoyer par e-mail via contact@francaismontenegro.com*<\/p>\n<p>*50\u20ac est la somme demand\u00e9e comme acompte lors de la r\u00e9servation de l&#8217;accompagnement, elle sera d\u00e9duite de la somme totale de 650\u20ac. Ainsi il vous restera 600\u20ac \u00e0 r\u00e9gler par la suite.<\/p>\n","protected":false},"excerpt":{"rendered":"<h2 class=\"text-cms\">CONTENU<\/h2>\n<p>\ud83e\udd0c\ud83c\udffb Accompagnement &#8220;physique&#8221; partout<\/p>\n<p>\ud83e\udd0c\ud83c\udffbConseils pour la pr\u00e9parer le v\u00e9hicule<\/p>\n<p>\ud83d\udcf1 Nous restons connect\u00e9s partout o\u00f9 vous \u00eates<\/p>\n<h2 class=\"text-cms\">R\u00c9SULTATS<\/h2>\n<p class=\"text-cms\">\u2705 Vous pourrez le refaire seul \u00e0 l&#8217;avenir<\/p>\n<p>\u2705\u00a0Vous gagnez du temps dans votre installation<\/p>\n<p>\ud83c\uddf2\ud83c\uddea Voiture immatricul\u00e9e MNE<\/p>\n<p>&nbsp;<\/p>\n","protected":false},"featured_media":3931,"comment_status":"closed","ping_status":"closed","template":"","meta":{"_acf_changed":false,"_ppp_document_settings_meta":"","site-sidebar-layout":"default","site-content-layout":"default","ast-global-header-display":"","ast-main-header-display":"","ast-hfb-above-header-display":"","ast-hfb-below-header-display":"","ast-hfb-mobile-header-display":"","site-post-title":"","ast-breadcrumbs-content":"","ast-featured-img":"","footer-sml-layout":"","theme-transparent-header-meta":"default","adv-header-id-meta":"","stick-header-meta":"","header-above-stick-meta":"","header-main-stick-meta":"","header-below-stick-meta":""},"product_brand":[],"product_cat":[58,50,51],"product_tag":[],"class_list":{"0":"post-3933","1":"product","2":"type-product","3":"status-publish","4":"has-post-thumbnail","6":"product_cat-accompagnement","7":"product_cat-consulting-accompagnement","8":"product_cat-services","9":"desktop-align-left","10":"tablet-align-left","11":"mobile-align-left","13":"first","14":"instock","15":"shipping-taxable","16":"purchasable","17":"product-type-simple"},"acf":[],"_links":{"self":[{"href":"https:\/\/francaismontenegro.com\/en\/wp-json\/wp\/v2\/product\/3933","targetHints":{"allow":["GET"]}}],"collection":[{"href":"https:\/\/francaismontenegro.com\/en\/wp-json\/wp\/v2\/product"}],"about":[{"href":"https:\/\/francaismontenegro.com\/en\/wp-json\/wp\/v2\/types\/product"}],"replies":[{"embeddable":true,"href":"https:\/\/francaismontenegro.com\/en\/wp-json\/wp\/v2\/comments?post=3933"}],"wp:featuredmedia":[{"embeddable":true,"href":"https:\/\/francaismontenegro.com\/en\/wp-json\/wp\/v2\/media\/3931"}],"wp:attachment":[{"href":"https:\/\/francaismontenegro.com\/en\/wp-json\/wp\/v2\/media?parent=3933"}],"wp:term":[{"taxonomy":"product_brand","embeddable":true,"href":"https:\/\/francaismontenegro.com\/en\/wp-json\/wp\/v2\/product_brand?post=3933"},{"taxonomy":"product_cat","embeddable":true,"href":"https:\/\/francaismontenegro.com\/en\/wp-json\/wp\/v2\/product_cat?post=3933"},{"taxonomy":"product_tag","embeddable":true,"href":"https:\/\/francaismontenegro.com\/en\/wp-json\/wp\/v2\/product_tag?post=3933"}],"curies":[{"name":"wp","href":"https:\/\/api.w.org\/{rel}","templated":true}]}}