{"id":3935,"date":"2025-01-03T20:06:39","date_gmt":"2025-01-03T20:06:39","guid":{"rendered":"https:\/\/francaismontenegro.com\/?post_type=product&#038;p=3935"},"modified":"2025-05-26T08:28:03","modified_gmt":"2025-05-26T08:28:03","slug":"gestion-locative-au-montenegro-conciergerie-delegation","status":"publish","type":"product","link":"https:\/\/francaismontenegro.com\/en\/boutique\/accompagnement\/gestion-locative-au-montenegro-conciergerie-delegation\/","title":{"rendered":"Gestion locative au Mont\u00e9n\u00e9gro (conciergerie d\u00e9l\u00e9gation)"},"content":{"rendered":"<p>Vous souhaitez investir et continuer \u00e0 piloter votre bien immobilier au Mont\u00e9n\u00e9gro de l&#8217;\u00e9tranger ? Le service de conciergerie \u00e0 distance est ce qu&#8217;il vous faut.<\/p>\n<p><strong><span style=\"color: #158466;\">On vous propose un entretien gratuit pour d\u00e9finir vos besoins.<\/span><\/strong><\/p>\n<p>Investisseur et entrepreneur fran\u00e7ais expatri\u00e9 au Mont\u00e9n\u00e9gro, Nikola le fondateur de la cha\u00eene Youtube Fran\u00e7ais Mont\u00e9n\u00e9gro a r\u00e9alis\u00e9 beaucoup de d\u00e9marches et c\u00f4toie des locaux, des expatri\u00e9s, des entreprises et des institutions au quotidien.<\/p>\n<p>Gr\u00e2ce \u00e0 ses connaissances, son r\u00e9seau et son professionnalisme, vous pouvez b\u00e9n\u00e9ficier d&#8217;un accompagnement sur mesure pour pouvoir g\u00e9rer votre bien immobilier avec une \u00e9quipe \u00e0 votre service. L&#8217;offre s&#8217;adapte \u00e0 la taille et \u00e0 la localisation de votre bien. Cette prestation ici couvre un territoire allant de Tivat, Kotor et Lu\u0161tica.<\/p>\n<p>Dans ce proc\u00e9d\u00e9, Notre \u00e9quipe va d\u00e9terminer vos besoins vis-\u00e0-vis d&#8217;un ou plusieurs biens immobilers.<\/p>\n<p>Les prestations dont votre bien immobilier peut b\u00e9n\u00e9ficier :<\/p>\n<ul>\n<li><strong><span class=\"text-size-5\">NETTOYAGE<\/span><\/strong><\/li>\n<li><strong><span class=\"text-size-5\">SURVEILLANCE <\/span><\/strong><\/li>\n<li><strong><span class=\"text-size-5\">ETAT DES LIEUX<\/span><\/strong><\/li>\n<li><strong><span class=\"text-size-5\"><span class=\"text-size-5\">ACCUEIL DES VOYAGEURS<\/span><\/span><span class=\"text-size-5\"><br \/>\n<\/span><\/strong><\/li>\n<li><strong><span class=\"text-size-5\">R\u00c9PARATIONS \/ ENTRETIENS<\/span><\/strong><\/li>\n<li><strong><span class=\"text-size-5\">BLANCHISSERIE<\/span><\/strong><\/li>\n<li><strong><span class=\"text-size-5\">INT\u00c9RACTION AVEC LES VOYAGEURS<\/span><\/strong><\/li>\n<li><strong><span class=\"text-size-5\">CR\u00c9ATION D&#8217;ANNONCES \/ PROMOTION \/ MISE EN VALEUR DU BIEN<\/span><\/strong><\/li>\n<\/ul>\n<p><strong><span style=\"color: #158466;\">L&#8217;\u00e9tude de vos besoins et la mise en place de l&#8217;offre sur mesure peut se faire par t\u00e9l\u00e9phone ou par e-mail, ce service est enti\u00e8rement gratuit.<\/span><\/strong><\/p>\n<p>Tandis que les tarifs de gestion en d\u00e9l\u00e9gation peuvent varier de 20% \u00e0 30% selon les options choisies, les caract\u00e9ristiques du bien immobilier et sa situation g\u00e9ographique.<\/p>\n<p>Les professionnels locaux qui pourront op\u00e9rer sur le terrain pourront varier en fonction de la localit\u00e9.<\/p>\n<p>Vous avez des questions suppl\u00e9mentaires ? Vous pouvez nous les envoyer par e-mail via contact@francaismontenegro.com et au passage, nous laisser votre num\u00e9ro de t\u00e9l\u00e9phone si vous pr\u00e9f\u00e9rez b\u00e9n\u00e9ficier d&#8217;un entretien t\u00e9l\u00e9phonique gratuit de 30 minutes.<\/p>\n<p>Notre expertise et l&#8217;entretien qui vous attend nous permet de prendre connaissance de votre bien immobilier et de vous proposer ensuite une offre personalis\u00e9e qui se distingue par deux \u00e9tapes :<\/p>\n<p><strong>ETAPE 1<\/strong> : Pr\u00e9paration de votre bien immobilier pour la location courte dur\u00e9e (installation d&#8217;un coffre \u00e0 clefs, achat des draps, contr\u00f4le technique du logement, cr\u00e9ation d&#8217;annonces sur plusieurs plateformes en ligne, d\u00e9couverte du bien par le personnel de terrain, etc&#8230;). Cette \u00e9tape est factur\u00e9e entre 200 et 500 euros en fonction de la taille du logement et peut se facturer sur mesure pour des propri\u00e9t\u00e9s d&#8217;exception qui ont une surface sup\u00e9rieure \u00e0 200 m2.<\/p>\n<p><strong>ETAPE 2<\/strong> : Contrat pour une saison qui sera renouvelable avec le d\u00e9tail des frais qui sont \u00e0 votre charge (commission vers\u00e9e au manageur, blanchisserie, m\u00e9nage, etc&#8230;)<\/p>\n<p>Vous aurez donc le choix d&#8217;opter pour ces 2 \u00e9tapes ou bien seulement l&#8217;\u00e9tape 1 si cela vous suffit.<\/p>\n<p>&nbsp;<\/p>\n<p>&nbsp;<\/p>\n","protected":false},"excerpt":{"rendered":"<h2 class=\"text-cms\">CONTENU<\/h2>\n<p>\ud83e\udd0c\ud83c\udffb D\u00e9ploiement d&#8217;une offre sur mesure<\/p>\n<p>\ud83e\udd0c\ud83c\udffbOptimisation du bien pour la LCD<\/p>\n<p>\ud83d\udcf1 Nous restons connect\u00e9s partout o\u00f9 vous \u00eates<\/p>\n<h2 class=\"text-cms\">R\u00c9SULTATS<\/h2>\n<p class=\"text-cms\">\u2705 <strong>+<\/strong> de s\u00e9r\u00e9nit\u00e9 vis-\u00e0-vis de votre actif immobilier<\/p>\n<p>\u2705 + de r\u00e9servations<\/p>\n<p>\ud83c\uddf2\ud83c\uddea Revenus locatifs au Mont\u00e9n\u00e9gro<\/p>\n<p>&nbsp;<\/p>\n","protected":false},"featured_media":3942,"comment_status":"closed","ping_status":"closed","template":"","meta":{"_acf_changed":false,"_ppp_document_settings_meta":"","site-sidebar-layout":"default","site-content-layout":"default","ast-global-header-display":"","ast-main-header-display":"","ast-hfb-above-header-display":"","ast-hfb-below-header-display":"","ast-hfb-mobile-header-display":"","site-post-title":"","ast-breadcrumbs-content":"","ast-featured-img":"","footer-sml-layout":"","theme-transparent-header-meta":"default","adv-header-id-meta":"","stick-header-meta":"","header-above-stick-meta":"","header-main-stick-meta":"","header-below-stick-meta":""},"product_brand":[],"product_cat":[58,50,51],"product_tag":[],"class_list":{"0":"post-3935","1":"product","2":"type-product","3":"status-publish","4":"has-post-thumbnail","6":"product_cat-accompagnement","7":"product_cat-consulting-accompagnement","8":"product_cat-services","9":"desktop-align-left","10":"tablet-align-left","11":"mobile-align-left","13":"first","14":"instock","15":"shipping-taxable","16":"purchasable","17":"product-type-simple"},"acf":[],"_links":{"self":[{"href":"https:\/\/francaismontenegro.com\/en\/wp-json\/wp\/v2\/product\/3935","targetHints":{"allow":["GET"]}}],"collection":[{"href":"https:\/\/francaismontenegro.com\/en\/wp-json\/wp\/v2\/product"}],"about":[{"href":"https:\/\/francaismontenegro.com\/en\/wp-json\/wp\/v2\/types\/product"}],"replies":[{"embeddable":true,"href":"https:\/\/francaismontenegro.com\/en\/wp-json\/wp\/v2\/comments?post=3935"}],"wp:featuredmedia":[{"embeddable":true,"href":"https:\/\/francaismontenegro.com\/en\/wp-json\/wp\/v2\/media\/3942"}],"wp:attachment":[{"href":"https:\/\/francaismontenegro.com\/en\/wp-json\/wp\/v2\/media?parent=3935"}],"wp:term":[{"taxonomy":"product_brand","embeddable":true,"href":"https:\/\/francaismontenegro.com\/en\/wp-json\/wp\/v2\/product_brand?post=3935"},{"taxonomy":"product_cat","embeddable":true,"href":"https:\/\/francaismontenegro.com\/en\/wp-json\/wp\/v2\/product_cat?post=3935"},{"taxonomy":"product_tag","embeddable":true,"href":"https:\/\/francaismontenegro.com\/en\/wp-json\/wp\/v2\/product_tag?post=3935"}],"curies":[{"name":"wp","href":"https:\/\/api.w.org\/{rel}","templated":true}]}}