{"id":4929,"date":"2026-05-03T13:05:40","date_gmt":"2026-05-03T13:05:40","guid":{"rendered":"https:\/\/francaismontenegro.com\/?post_type=product&#038;p=4929"},"modified":"2026-05-03T17:26:54","modified_gmt":"2026-05-03T17:26:54","slug":"mise-a-jour-electricite-eau-ordures-menageres-internet-montenegro","status":"publish","type":"product","link":"https:\/\/francaismontenegro.com\/en\/boutique\/accompagnement\/mise-a-jour-electricite-eau-ordures-menageres-internet-montenegro\/","title":{"rendered":"Mise \u00e0 jour contrat \u00e9lectricit\u00e9, ordures m\u00e9nag\u00e8res, eau, internet"},"content":{"rendered":"<div class=\"elementor-element elementor-element-f01c739 elementor-widget elementor-widget-woocommerce-product-content\" data-id=\"f01c739\" data-element_type=\"widget\" data-widget_type=\"woocommerce-product-content.default\">\n<div class=\"elementor-widget-container\">\n<p>Vous souhaitez mettre \u00e0 jour vos contrats d&#8217;eau, d&#8217;\u00e9lectricit\u00e9, de fournisseur d&#8217;acc\u00e8s \u00e0 internet, d&#8217;ordures m\u00e9nag\u00e8res pour votre propri\u00e9t\u00e9 r\u00e9cemment achet\u00e9e au Mont\u00e9n\u00e9gro ?<\/p>\n<p>Notre service d&#8217;assistance propose de mettre \u00e0 jour ces diff\u00e9rents contrats relatifs \u00e0 votre bien immobilier pour que tout soit \u00e0 votre nom afin que vous puissiez vous acquitter de vos factures et tout cela \u00e0 distance sans aller \u00e0 aucun guichet. Mais \u00e9galement pour que vous puissiez avoir des justificatifs de domicile qui peuvent servir de preuve de votre pr\u00e9sence locale vis-\u00e0-vis de d&#8217;organismes priv\u00e9s ou publics d&#8217;autres pays o\u00f9 vous r\u00e9sidez.<\/p>\n<p>Nous faisons le point avec vous pour renseigner aupr\u00e8s des entreprises concern\u00e9es les coordonn\u00e9es personnelles qui vont figurer sur les futures factures.<\/p>\n<p>Ainsi vous \u00eates certain d&#8217;\u00eatre \u00e0 jour et vous aurez aussi un dossier bien plus pr\u00e9sentable dans le cadre d&#8217;une vente de votre bien immobilier le jour J.<\/p>\n<p>&nbsp;<\/p>\n<p><strong>Gr\u00e2ce \u00e0 cette offre d\u2019accompagnement personnalis\u00e9, vous pourrez choisir le format digital\/papier pour la r\u00e9ception de vos factures. Vous pourrez \u00e9galement d\u00e9finir votre pr\u00e9f\u00e9rence sur le mode de paiement. Nous voyons tout cela ensemble.<\/strong><\/p>\n<p>&nbsp;<\/p>\n<p>L\u2019accompagnement d\u00e9bute par la constitution de votre dossier et se termine lorsque le ou les paiements des diff\u00e9rents imp\u00f4ts ont \u00e9t\u00e9 r\u00e9alis\u00e9s.<\/p>\n<p>On s\u2019adapte au nombre de personnes qui peuvent \u00eatre impliqu\u00e9es dans la d\u00e9claration de revenus, couple, entrepreneur seul, retrait\u00e9s, etc&#8230;<\/p>\n<p>Voici ce qui nous attend<\/p>\n<ul>\n<li><strong>Constitution de votre dossier<br \/>\n<\/strong><\/li>\n<li><strong>Point sur les documents que l&#8217;on dispose de l&#8217;ancien propri\u00e9taire<br \/>\n<\/strong><\/li>\n<li><strong>Informations \u00e0 jour \u00e0 partager avec la mairie<\/strong><\/li>\n<li><strong>D\u00e9p\u00f4t du dossier \u00e0 la mairie<br \/>\n<\/strong><\/li>\n<li><strong>Paiement des imp\u00f4ts locaux (par virement ou en guichet)<br \/>\n<\/strong><\/li>\n<li><strong>Re\u00e7u des justificatifs de paiement<\/strong><\/li>\n<\/ul>\n<p>Le tarif relatif \u00e0 l\u2019accompagnement en Fran\u00e7ais est de 290 euros.<\/p>\n<\/div>\n<\/div>\n","protected":false},"excerpt":{"rendered":"<h2 class=\"text-cms\">CONTENU<\/h2>\n<p>\ud83e\udd0c\ud83c\udffb Constitution de votre dossier pour la MAJ des taxes locales<\/p>\n<p>\ud83c\uddf2\ud83c\uddea Assistance en Fran\u00e7ais<\/p>\n<p>\ud83d\udc65 Accompagnement \u00e0 l&#8217;administration<\/p>\n<p>\ud83d\udcb6 Paiement de vos imp\u00f4ts locaux<\/p>\n<h2 class=\"text-cms\">R\u00c9SULTATS<\/h2>\n<p class=\"text-cms\">\u2705\u00a0 Re\u00e7u de vos justificatifs de paiements<\/p>\n<p>\u2705\u00a0 Tranquillit\u00e9 &amp; s\u00e9r\u00e9nit\u00e9<\/p>\n<p>\u2705\u00a0 R\u00e9sident ou non, vous \u00eates en r\u00e8gle avec l&#8217;administration locale<\/p>\n","protected":false},"featured_media":1769,"comment_status":"open","ping_status":"closed","template":"","meta":{"_acf_changed":false,"_ppp_document_settings_meta":"","site-sidebar-layout":"default","site-content-layout":"default","ast-global-header-display":"","ast-main-header-display":"","ast-hfb-above-header-display":"","ast-hfb-below-header-display":"","ast-hfb-mobile-header-display":"","site-post-title":"","ast-breadcrumbs-content":"","ast-featured-img":"","footer-sml-layout":"","theme-transparent-header-meta":"default","adv-header-id-meta":"","stick-header-meta":"","header-above-stick-meta":"","header-main-stick-meta":"","header-below-stick-meta":""},"product_brand":[],"product_cat":[58,50,51],"product_tag":[],"class_list":{"0":"post-4929","1":"product","2":"type-product","3":"status-publish","4":"has-post-thumbnail","6":"product_cat-accompagnement","7":"product_cat-consulting-accompagnement","8":"product_cat-services","9":"desktop-align-left","10":"tablet-align-left","11":"mobile-align-left","13":"first","14":"instock","15":"shipping-taxable","16":"purchasable","17":"product-type-simple"},"acf":[],"_links":{"self":[{"href":"https:\/\/francaismontenegro.com\/en\/wp-json\/wp\/v2\/product\/4929","targetHints":{"allow":["GET"]}}],"collection":[{"href":"https:\/\/francaismontenegro.com\/en\/wp-json\/wp\/v2\/product"}],"about":[{"href":"https:\/\/francaismontenegro.com\/en\/wp-json\/wp\/v2\/types\/product"}],"replies":[{"embeddable":true,"href":"https:\/\/francaismontenegro.com\/en\/wp-json\/wp\/v2\/comments?post=4929"}],"wp:featuredmedia":[{"embeddable":true,"href":"https:\/\/francaismontenegro.com\/en\/wp-json\/wp\/v2\/media\/1769"}],"wp:attachment":[{"href":"https:\/\/francaismontenegro.com\/en\/wp-json\/wp\/v2\/media?parent=4929"}],"wp:term":[{"taxonomy":"product_brand","embeddable":true,"href":"https:\/\/francaismontenegro.com\/en\/wp-json\/wp\/v2\/product_brand?post=4929"},{"taxonomy":"product_cat","embeddable":true,"href":"https:\/\/francaismontenegro.com\/en\/wp-json\/wp\/v2\/product_cat?post=4929"},{"taxonomy":"product_tag","embeddable":true,"href":"https:\/\/francaismontenegro.com\/en\/wp-json\/wp\/v2\/product_tag?post=4929"}],"curies":[{"name":"wp","href":"https:\/\/api.w.org\/{rel}","templated":true}]}}