{"id":4932,"date":"2026-05-04T15:36:44","date_gmt":"2026-05-04T15:36:44","guid":{"rendered":"https:\/\/francaismontenegro.com\/?post_type=product&#038;p=4932"},"modified":"2026-05-04T16:18:30","modified_gmt":"2026-05-04T16:18:30","slug":"assurance-habitation-proprietaire-montenegro","status":"publish","type":"product","link":"https:\/\/francaismontenegro.com\/en\/boutique\/accompagnement\/assurance-habitation-proprietaire-montenegro\/","title":{"rendered":"Assurance habitation (propri\u00e9taire) Mont\u00e9n\u00e9gro"},"content":{"rendered":"<div class=\"elementor-element elementor-element-f01c739 elementor-widget elementor-widget-woocommerce-product-content\" data-id=\"f01c739\" data-element_type=\"widget\" data-widget_type=\"woocommerce-product-content.default\">\n<div class=\"elementor-widget-container\">\n<p>Vous souhaitez assurer votre bien immobilier pour la premi\u00e8re fois au Mont\u00e9n\u00e9gro ?<\/p>\n<p>Notre \u00e9quipe peut vous accompagner en vous proposant plusieurs offres d&#8217;assurances pour votre logement. Souvent une offre standard, interm\u00e9diaire ou premium en vous explicant les risques qui sont couverts pour chacune de ces offres.<\/p>\n<p>Tout ce processus peut se faire \u00e0 distance tandis que l&#8217;on pourra signer le contrat en ligne et vous accompagner sur le paiement de l&#8217;assureur.<\/p>\n<p>Dans cette mesure, vous aurez donc l&#8217;esprit tranquille car le contrat sera bien actif quand notre prestation prendra fin.<\/p>\n<p><strong>Vous aurez ensuite le contact de l&#8217;assureur pour renouveler votre contrat de fa\u00e7on annuelle, si vous le souhaitez bien entendu.\u00a0<\/strong><\/p>\n<p>&nbsp;<\/p>\n<p>L\u2019accompagnement d\u00e9bute par la constitution de votre dossier et se termine lorsque le paiement de l&#8217;assureur est termin\u00e9 et le contrat actif.<\/p>\n<p>On s\u2019adapte au nombre de biens immobiliers qui peuvent \u00eatre impliqu\u00e9s dans la demande aupr\u00e8s des assureurs.<\/p>\n<p>Voici ce qui nous attend<\/p>\n<ul>\n<li><strong>Constitution de votre dossier<br \/>\n<\/strong><\/li>\n<li><strong>Comparatif entre les diff\u00e9rentes offres<br \/>\n<\/strong><\/li>\n<li><strong>Moyen de paiement pr\u00e9f\u00e9r\u00e9<\/strong><\/li>\n<li><strong>Confirmation du paiement r\u00e9alis\u00e9 pour un an<\/strong><\/li>\n<li><strong>R\u00e9cup\u00e9ration du contrat et envoie d&#8217;un scan si vous \u00eates \u00e0 l&#8217;\u00e9tranger<\/strong><\/li>\n<\/ul>\n<p>Le tarif relatif \u00e0 l\u2019accompagnement en Fran\u00e7ais est de 100 euros.<\/p>\n<p>PS : + 20\u20ac par bien suppl\u00e9mentaire.<\/p>\n<\/div>\n<\/div>\n","protected":false},"excerpt":{"rendered":"<h2 class=\"text-cms\">CONTENU<\/h2>\n<p>\ud83e\udd0c\ud83c\udffb Constitution de votre dossier<\/p>\n<p>\ud83c\uddf2\ud83c\uddea Assistance en Fran\u00e7ais<\/p>\n<p>\ud83d\udc65 Accompagnement aupr\u00e8s de l&#8217;assureur<\/p>\n<p>\ud83d\udcb6 Assistance pour le paiement annuel<\/p>\n<h2 class=\"text-cms\">R\u00c9SULTATS<\/h2>\n<p class=\"text-cms\">\u2705\u00a0 Re\u00e7u de vos justificatifs de paiements<\/p>\n<p>\u2705\u00a0 Tranquillit\u00e9 &amp; s\u00e9r\u00e9nit\u00e9<\/p>\n<p>\u2705\u00a0 Votre logement est assur\u00e9<\/p>\n","protected":false},"featured_media":1769,"comment_status":"open","ping_status":"closed","template":"","meta":{"_acf_changed":false,"_ppp_document_settings_meta":"","site-sidebar-layout":"default","site-content-layout":"default","ast-global-header-display":"","ast-main-header-display":"","ast-hfb-above-header-display":"","ast-hfb-below-header-display":"","ast-hfb-mobile-header-display":"","site-post-title":"","ast-breadcrumbs-content":"","ast-featured-img":"","footer-sml-layout":"","theme-transparent-header-meta":"default","adv-header-id-meta":"","stick-header-meta":"","header-above-stick-meta":"","header-main-stick-meta":"","header-below-stick-meta":""},"product_brand":[],"product_cat":[58,50,51],"product_tag":[],"class_list":{"0":"post-4932","1":"product","2":"type-product","3":"status-publish","4":"has-post-thumbnail","6":"product_cat-accompagnement","7":"product_cat-consulting-accompagnement","8":"product_cat-services","9":"desktop-align-left","10":"tablet-align-left","11":"mobile-align-left","13":"first","14":"instock","15":"shipping-taxable","16":"purchasable","17":"product-type-simple"},"acf":[],"_links":{"self":[{"href":"https:\/\/francaismontenegro.com\/en\/wp-json\/wp\/v2\/product\/4932","targetHints":{"allow":["GET"]}}],"collection":[{"href":"https:\/\/francaismontenegro.com\/en\/wp-json\/wp\/v2\/product"}],"about":[{"href":"https:\/\/francaismontenegro.com\/en\/wp-json\/wp\/v2\/types\/product"}],"replies":[{"embeddable":true,"href":"https:\/\/francaismontenegro.com\/en\/wp-json\/wp\/v2\/comments?post=4932"}],"wp:featuredmedia":[{"embeddable":true,"href":"https:\/\/francaismontenegro.com\/en\/wp-json\/wp\/v2\/media\/1769"}],"wp:attachment":[{"href":"https:\/\/francaismontenegro.com\/en\/wp-json\/wp\/v2\/media?parent=4932"}],"wp:term":[{"taxonomy":"product_brand","embeddable":true,"href":"https:\/\/francaismontenegro.com\/en\/wp-json\/wp\/v2\/product_brand?post=4932"},{"taxonomy":"product_cat","embeddable":true,"href":"https:\/\/francaismontenegro.com\/en\/wp-json\/wp\/v2\/product_cat?post=4932"},{"taxonomy":"product_tag","embeddable":true,"href":"https:\/\/francaismontenegro.com\/en\/wp-json\/wp\/v2\/product_tag?post=4932"}],"curies":[{"name":"wp","href":"https:\/\/api.w.org\/{rel}","templated":true}]}}