{"id":4934,"date":"2026-05-04T16:24:12","date_gmt":"2026-05-04T16:24:12","guid":{"rendered":"https:\/\/francaismontenegro.com\/?post_type=product&#038;p=4934"},"modified":"2026-05-04T16:36:56","modified_gmt":"2026-05-04T16:36:56","slug":"assistance-declaration-impots-revenus-locatifs-montenegro","status":"publish","type":"product","link":"https:\/\/francaismontenegro.com\/en\/boutique\/accompagnement\/assistance-declaration-impots-revenus-locatifs-montenegro\/","title":{"rendered":"D\u00e9claration imp\u00f4ts revenus locatifs meubl\u00e9s Mont\u00e9n\u00e9gro"},"content":{"rendered":"<div class=\"elementor-element elementor-element-f01c739 elementor-widget elementor-widget-woocommerce-product-content\" data-id=\"f01c739\" data-element_type=\"widget\" data-widget_type=\"woocommerce-product-content.default\">\n<div class=\"elementor-widget-container\">\n<p>Vous souhaitez d\u00e9clarer vos revenus locatifs meubl\u00e9s au Mont\u00e9n\u00e9gro ?<\/p>\n<p>Notre \u00e9quipe peut vous accompagner en v\u00e9rifiant tout d&#8217;abord si votre identifiant fiscal est bien existant.<\/p>\n<p>Nous vous aidons \u00e0 remplir le formulaire sur la d\u00e9claration des revenus locatifs en meubl\u00e9 tax\u00e9 \u00e0 10,5% au Mont\u00e9n\u00e9gro.<\/p>\n<p><strong>Pas de cotisations sociales \u00e0 r\u00e9gler dans le cadre de l&#8217;activit\u00e9 de location meubl\u00e9e en tant que personne physique.<\/strong><\/p>\n<p>L\u2019accompagnement d\u00e9bute par des \u00e9changes \u00e0 propos des revenus (brut) g\u00e9n\u00e9r\u00e9s pour une ann\u00e9e civile.<\/p>\n<p>On s\u2019adapte au nombre de biens immobiliers qui peuvent \u00eatre impliqu\u00e9s dans la demande sans frais suppl\u00e9mentaires.<\/p>\n<p>Voici ce qui nous attend<\/p>\n<ul>\n<li><strong>Echanges d&#8217;informations<\/strong><\/li>\n<li><strong>Le choix du mode de location exerc\u00e9<br \/>\n<\/strong><\/li>\n<li><strong>Moyen de paiement utilis\u00e9 pour le r\u00e8glement des imp\u00f4ts<\/strong><\/li>\n<li><strong>Paiement r\u00e9alis\u00e9 apr\u00e8s v\u00e9rification de l&#8217;administration fiscale<\/strong><\/li>\n<li><strong>R\u00e9cup\u00e9ration d&#8217;un justificatif des imp\u00f4ts r\u00e9gl\u00e9s pour l&#8217;ann\u00e9e civile concern\u00e9e<\/strong><\/li>\n<\/ul>\n<p>Le tarif relatif \u00e0 l\u2019accompagnement en Fran\u00e7ais est de 150 euros si c&#8217;est la premi\u00e8re fois, 90\u20ac si c&#8217;est la deuxi\u00e8me d\u00e9claration.<\/p>\n<p>&nbsp;<\/p>\n<\/div>\n<\/div>\n","protected":false},"excerpt":{"rendered":"<h2 class=\"text-cms\">CONTENU<\/h2>\n<p>\ud83e\udd0c\ud83c\udffb Constitution de votre dossier<\/p>\n<p>\ud83c\uddf2\ud83c\uddea Assistance en Fran\u00e7ais<\/p>\n<p>\ud83d\udc65 Accompagnement aupr\u00e8s de l&#8217;administration fiscale<\/p>\n<p>\ud83d\udcb6 Assistance pour le paiement<\/p>\n<h2 class=\"text-cms\">R\u00c9SULTATS<\/h2>\n<p class=\"text-cms\">\u2705\u00a0 Re\u00e7u de vos justificatifs de paiements<\/p>\n<p>\u2705\u00a0 Tranquillit\u00e9 &amp; s\u00e9r\u00e9nit\u00e9<\/p>\n<p>\u2705\u00a0 Vos imp\u00f4ts sont r\u00e9gl\u00e9s<\/p>\n","protected":false},"featured_media":1769,"comment_status":"open","ping_status":"closed","template":"","meta":{"_acf_changed":false,"_ppp_document_settings_meta":"","site-sidebar-layout":"default","site-content-layout":"default","ast-global-header-display":"","ast-main-header-display":"","ast-hfb-above-header-display":"","ast-hfb-below-header-display":"","ast-hfb-mobile-header-display":"","site-post-title":"","ast-breadcrumbs-content":"","ast-featured-img":"","footer-sml-layout":"","theme-transparent-header-meta":"default","adv-header-id-meta":"","stick-header-meta":"","header-above-stick-meta":"","header-main-stick-meta":"","header-below-stick-meta":""},"product_brand":[],"product_cat":[58,50,51],"product_tag":[],"class_list":{"0":"post-4934","1":"product","2":"type-product","3":"status-publish","4":"has-post-thumbnail","6":"product_cat-accompagnement","7":"product_cat-consulting-accompagnement","8":"product_cat-services","9":"desktop-align-left","10":"tablet-align-left","11":"mobile-align-left","13":"first","14":"instock","15":"shipping-taxable","16":"purchasable","17":"product-type-simple"},"acf":[],"_links":{"self":[{"href":"https:\/\/francaismontenegro.com\/en\/wp-json\/wp\/v2\/product\/4934","targetHints":{"allow":["GET"]}}],"collection":[{"href":"https:\/\/francaismontenegro.com\/en\/wp-json\/wp\/v2\/product"}],"about":[{"href":"https:\/\/francaismontenegro.com\/en\/wp-json\/wp\/v2\/types\/product"}],"replies":[{"embeddable":true,"href":"https:\/\/francaismontenegro.com\/en\/wp-json\/wp\/v2\/comments?post=4934"}],"wp:featuredmedia":[{"embeddable":true,"href":"https:\/\/francaismontenegro.com\/en\/wp-json\/wp\/v2\/media\/1769"}],"wp:attachment":[{"href":"https:\/\/francaismontenegro.com\/en\/wp-json\/wp\/v2\/media?parent=4934"}],"wp:term":[{"taxonomy":"product_brand","embeddable":true,"href":"https:\/\/francaismontenegro.com\/en\/wp-json\/wp\/v2\/product_brand?post=4934"},{"taxonomy":"product_cat","embeddable":true,"href":"https:\/\/francaismontenegro.com\/en\/wp-json\/wp\/v2\/product_cat?post=4934"},{"taxonomy":"product_tag","embeddable":true,"href":"https:\/\/francaismontenegro.com\/en\/wp-json\/wp\/v2\/product_tag?post=4934"}],"curies":[{"name":"wp","href":"https:\/\/api.w.org\/{rel}","templated":true}]}}