{"id":4936,"date":"2026-05-05T11:50:14","date_gmt":"2026-05-05T11:50:14","guid":{"rendered":"https:\/\/francaismontenegro.com\/?post_type=product&#038;p=4936"},"modified":"2026-05-05T12:05:09","modified_gmt":"2026-05-05T12:05:09","slug":"obtention-titre-de-propriete-montenegro-francais","status":"publish","type":"product","link":"https:\/\/francaismontenegro.com\/en\/boutique\/accompagnement\/obtention-titre-de-propriete-montenegro-francais\/","title":{"rendered":"Obtention titre de propri\u00e9t\u00e9 original (accompagnement en Fran\u00e7ais)"},"content":{"rendered":"<div class=\"elementor-element elementor-element-f01c739 elementor-widget elementor-widget-woocommerce-product-content\" data-id=\"f01c739\" data-element_type=\"widget\" data-widget_type=\"woocommerce-product-content.default\">\n<div class=\"elementor-widget-container\">\n<p>Vous souhaitez d\u00e9clarer votre titre de propri\u00e9t\u00e9 original aupr\u00e8s du cadastre du Mont\u00e9n\u00e9gro ?<\/p>\n<p>Notre \u00e9quipe peut vous accompagner en v\u00e9rifiant tout d&#8217;abord aupr\u00e8s du cadastre que vous \u00eates d\u00e9finitivement propri\u00e9taire.<\/p>\n<p><strong>Apr\u00e8s v\u00e9rification, notre \u00e9quipe vous aide \u00e0 payer les taxes administratives que nous annexerons aux documents \u00e0 soumettre au cadastre.<\/strong><\/p>\n<p>L\u2019accompagnement d\u00e9bute par des \u00e9changes \u00e0 propos du bien immobilier concern\u00e9 par la proc\u00e9dure.<\/p>\n<p>On s\u2019adapte au nombre de biens immobiliers qui peuvent \u00eatre impliqu\u00e9s dans la demande (pr\u00e9voir 20\u20ac par bien suppl\u00e9mentaire).<\/p>\n<p>Voici ce qui nous attend<\/p>\n<ul>\n<li><strong>Echanges d&#8217;informations<\/strong><\/li>\n<li><strong>Le paiement des taxes administratives<br \/>\n<\/strong><\/li>\n<li><strong>Soumission du formulaire et annexes<\/strong><\/li>\n<li><strong>Obtention du titre de propri\u00e9t\u00e9<\/strong><\/li>\n<\/ul>\n<p>Le tarif relatif \u00e0 l\u2019accompagnement en Fran\u00e7ais est de 200 euros, il peut se faire en d\u00e9l\u00e9gation ou en votre pr\u00e9sence.<\/p>\n<p>&nbsp;<\/p>\n<\/div>\n<\/div>\n","protected":false},"excerpt":{"rendered":"<h2 class=\"text-cms\">CONTENU<\/h2>\n<p>\ud83e\udd0c\ud83c\udffb Constitution de votre dossier<\/p>\n<p>\ud83c\uddf2\ud83c\uddea Assistance en Fran\u00e7ais<\/p>\n<p>\ud83d\udc65 Accompagnement aupr\u00e8s de l&#8217;administration fiscale<\/p>\n<p>\ud83d\udcb6 Assistance pour le paiement<\/p>\n<h2 class=\"text-cms\">R\u00c9SULTATS<\/h2>\n<p class=\"text-cms\">\u2705\u00a0 Re\u00e7u de vos justificatifs de paiements<\/p>\n<p>\u2705\u00a0 Tranquillit\u00e9 &amp; s\u00e9r\u00e9nit\u00e9<\/p>\n<p>\u2705\u00a0 Vos imp\u00f4ts sont r\u00e9gl\u00e9s<\/p>\n","protected":false},"featured_media":4937,"comment_status":"open","ping_status":"closed","template":"","meta":{"_acf_changed":false,"_ppp_document_settings_meta":"","site-sidebar-layout":"default","site-content-layout":"default","ast-global-header-display":"","ast-main-header-display":"","ast-hfb-above-header-display":"","ast-hfb-below-header-display":"","ast-hfb-mobile-header-display":"","site-post-title":"","ast-breadcrumbs-content":"","ast-featured-img":"","footer-sml-layout":"","theme-transparent-header-meta":"default","adv-header-id-meta":"","stick-header-meta":"","header-above-stick-meta":"","header-main-stick-meta":"","header-below-stick-meta":""},"product_brand":[],"product_cat":[58,50,51],"product_tag":[],"class_list":{"0":"post-4936","1":"product","2":"type-product","3":"status-publish","4":"has-post-thumbnail","6":"product_cat-accompagnement","7":"product_cat-consulting-accompagnement","8":"product_cat-services","9":"desktop-align-left","10":"tablet-align-left","11":"mobile-align-left","13":"first","14":"instock","15":"shipping-taxable","16":"purchasable","17":"product-type-simple"},"acf":[],"_links":{"self":[{"href":"https:\/\/francaismontenegro.com\/en\/wp-json\/wp\/v2\/product\/4936","targetHints":{"allow":["GET"]}}],"collection":[{"href":"https:\/\/francaismontenegro.com\/en\/wp-json\/wp\/v2\/product"}],"about":[{"href":"https:\/\/francaismontenegro.com\/en\/wp-json\/wp\/v2\/types\/product"}],"replies":[{"embeddable":true,"href":"https:\/\/francaismontenegro.com\/en\/wp-json\/wp\/v2\/comments?post=4936"}],"wp:featuredmedia":[{"embeddable":true,"href":"https:\/\/francaismontenegro.com\/en\/wp-json\/wp\/v2\/media\/4937"}],"wp:attachment":[{"href":"https:\/\/francaismontenegro.com\/en\/wp-json\/wp\/v2\/media?parent=4936"}],"wp:term":[{"taxonomy":"product_brand","embeddable":true,"href":"https:\/\/francaismontenegro.com\/en\/wp-json\/wp\/v2\/product_brand?post=4936"},{"taxonomy":"product_cat","embeddable":true,"href":"https:\/\/francaismontenegro.com\/en\/wp-json\/wp\/v2\/product_cat?post=4936"},{"taxonomy":"product_tag","embeddable":true,"href":"https:\/\/francaismontenegro.com\/en\/wp-json\/wp\/v2\/product_tag?post=4936"}],"curies":[{"name":"wp","href":"https:\/\/api.w.org\/{rel}","templated":true}]}}