{"id":4939,"date":"2026-05-05T12:07:50","date_gmt":"2026-05-05T12:07:50","guid":{"rendered":"https:\/\/francaismontenegro.com\/?post_type=product&#038;p=4939"},"modified":"2026-05-06T13:49:30","modified_gmt":"2026-05-06T13:49:30","slug":"supervision-dun-contrat-de-location-accompagnement-en-francais","status":"publish","type":"product","link":"https:\/\/francaismontenegro.com\/en\/boutique\/accompagnement\/supervision-dun-contrat-de-location-accompagnement-en-francais\/","title":{"rendered":"Supervision d&#8217;un contrat de location (accompagnement en Fran\u00e7ais)"},"content":{"rendered":"<div class=\"elementor-element elementor-element-f01c739 elementor-widget elementor-widget-woocommerce-product-content\" data-id=\"f01c739\" data-element_type=\"widget\" data-widget_type=\"woocommerce-product-content.default\">\n<div class=\"elementor-widget-container\">\n<p>Vous souhaitez \u00eatre accompagn\u00e9 pour la r\u00e9daction d&#8217;un contrat de location avec votre locataire ou avec votre propri\u00e9taire au Mont\u00e9n\u00e9gro ?<\/p>\n<p>Notre \u00e9quipe peut vous accompagner en v\u00e9rifiant tout d&#8217;abord aupr\u00e8s du cadastre que la personne qui voue loue l&#8217;appartement est bien celle qui peut signer le contrat chez le notaire.<\/p>\n<p><strong>Apr\u00e8s v\u00e9rification, notre \u00e9quipe vous aide \u00e0 mettre en forme le contrat et qu&#8217;il convienne aux 2 parties.<\/strong><\/p>\n<p>L\u2019accompagnement d\u00e9bute par des \u00e9changes \u00e0 propos du bien immobilier concern\u00e9 par la proc\u00e9dure.<\/p>\n<p>On s\u2019adapte au nombre de biens immobiliers qui peuvent \u00eatre impliqu\u00e9s dans la demande (pr\u00e9voir 20\u20ac par bien suppl\u00e9mentaire).<\/p>\n<p>Voici ce qui nous attend<\/p>\n<ul>\n<li><strong>Echanges d&#8217;informations<\/strong><\/li>\n<li><strong>R\u00e9daction du bail locatif<br \/>\n<\/strong><\/li>\n<li><strong>Organisation du rdv chez le notaire<\/strong><\/li>\n<li><strong>Mise \u00e0 disposition d&#8217;un ou plusieurs traducteurs au besoin<\/strong><\/li>\n<\/ul>\n<p>Le tarif relatif \u00e0 l\u2019accompagnement en Fran\u00e7ais est de 200 euros, il peut \u00e9galement \u00eatre accompagn\u00e9 de quelques options \u00e0 d\u00e9finir avec vous (faire un \u00e9tat des lieux par exemple).<\/p>\n<p>&nbsp;<\/p>\n<\/div>\n<\/div>\n","protected":false},"excerpt":{"rendered":"<h2 class=\"text-cms\">CONTENU<\/h2>\n<p>\ud83e\udd0c\ud83c\udffb Communication \u00e0 propos du bien<\/p>\n<p>\ud83c\uddf2\ud83c\uddea Assistance en Fran\u00e7ais<\/p>\n<p>\ud83d\udc65 Accompagnement dans le cabinet du notaire<\/p>\n<p>\ud83d\udcb6 Assistance pour le paiement<\/p>\n<h2 class=\"text-cms\">R\u00c9SULTATS<\/h2>\n<p class=\"text-cms\">\u2705\u00a0 Premier loyer et caution acquitt\u00e9<\/p>\n<p>\u2705\u00a0 Tranquillit\u00e9 &amp; s\u00e9r\u00e9nit\u00e9<\/p>\n<p>\u2705\u00a0 Votre contrat est notari\u00e9<\/p>\n","protected":false},"featured_media":4942,"comment_status":"open","ping_status":"closed","template":"","meta":{"_acf_changed":false,"_ppp_document_settings_meta":"","site-sidebar-layout":"default","site-content-layout":"default","ast-global-header-display":"","ast-main-header-display":"","ast-hfb-above-header-display":"","ast-hfb-below-header-display":"","ast-hfb-mobile-header-display":"","site-post-title":"","ast-breadcrumbs-content":"","ast-featured-img":"","footer-sml-layout":"","theme-transparent-header-meta":"default","adv-header-id-meta":"","stick-header-meta":"","header-above-stick-meta":"","header-main-stick-meta":"","header-below-stick-meta":""},"product_brand":[],"product_cat":[58,50,51],"product_tag":[],"class_list":{"0":"post-4939","1":"product","2":"type-product","3":"status-publish","4":"has-post-thumbnail","6":"product_cat-accompagnement","7":"product_cat-consulting-accompagnement","8":"product_cat-services","9":"desktop-align-left","10":"tablet-align-left","11":"mobile-align-left","13":"first","14":"instock","15":"shipping-taxable","16":"purchasable","17":"product-type-simple"},"acf":[],"_links":{"self":[{"href":"https:\/\/francaismontenegro.com\/en\/wp-json\/wp\/v2\/product\/4939","targetHints":{"allow":["GET"]}}],"collection":[{"href":"https:\/\/francaismontenegro.com\/en\/wp-json\/wp\/v2\/product"}],"about":[{"href":"https:\/\/francaismontenegro.com\/en\/wp-json\/wp\/v2\/types\/product"}],"replies":[{"embeddable":true,"href":"https:\/\/francaismontenegro.com\/en\/wp-json\/wp\/v2\/comments?post=4939"}],"wp:featuredmedia":[{"embeddable":true,"href":"https:\/\/francaismontenegro.com\/en\/wp-json\/wp\/v2\/media\/4942"}],"wp:attachment":[{"href":"https:\/\/francaismontenegro.com\/en\/wp-json\/wp\/v2\/media?parent=4939"}],"wp:term":[{"taxonomy":"product_brand","embeddable":true,"href":"https:\/\/francaismontenegro.com\/en\/wp-json\/wp\/v2\/product_brand?post=4939"},{"taxonomy":"product_cat","embeddable":true,"href":"https:\/\/francaismontenegro.com\/en\/wp-json\/wp\/v2\/product_cat?post=4939"},{"taxonomy":"product_tag","embeddable":true,"href":"https:\/\/francaismontenegro.com\/en\/wp-json\/wp\/v2\/product_tag?post=4939"}],"curies":[{"name":"wp","href":"https:\/\/api.w.org\/{rel}","templated":true}]}}